{"id":80,"date":"2017-06-04T14:26:08","date_gmt":"2017-06-04T12:26:08","guid":{"rendered":"http:\/\/www.artisfacta.org\/sdm\/?page_id=80"},"modified":"2023-02-06T08:28:28","modified_gmt":"2023-02-06T07:28:28","slug":"contact2","status":"publish","type":"page","link":"https:\/\/www.assosdm.org\/en\/contact2\/","title":{"rendered":"Contact"},"content":{"rendered":"<p>We are a humanitarian association that cares for children around the world. The association is made up exclusively of volunteers, including at the office level. We operate thanks to donations we receive from individuals, sponsors and companies with whom we collaborate.<\/p>\n<p><strong>CONTACT SOLEILS DU MONDE<\/strong><\/p>\n<p><strong>Headquarters for the association:<\/strong><br \/>\nR\u00e9sidence des Provinces Fran\u00e7aises<br \/>\n7 All\u00e9e de Provence<br \/>\n92000 Nanterre<br \/>\nFrance<\/p>\n<p><strong>Contact association :<\/strong><br \/>\nEmail : <a href=\"mailto:soleilsdumonde@gmail.com\">soleilsdumonde@gmail.com<\/a><\/p>\n<p>Facebook : <a href=\"https:\/\/fr-fr.facebook.com\/assosoleilsdumonde\/\">Association Soleils du Monde <\/a><\/p>\n<p><strong>Access to public transport<\/strong><br \/>\nRER Nanterre Universit\u00e9 \/ BUS 259, 304, 159<\/p>","protected":false},"excerpt":{"rendered":"<p>Nous sommes une association humanitaire s&rsquo;occupant des enfants dans le monde. L&rsquo;association est form\u00e9e exclusivement de b\u00e9n\u00e9voles y compris au niveau de son bureau. Nous fonctionnons gr\u00e2ce aux dons que nous recevons des particuliers, parrains, entreprises avec lesquels nous sommes amen\u00e9s \u00e0 collaborer. CONTACT SOLEILS DU MONDE Si\u00e8ge de l&rsquo;association : R\u00e9sidence des Provinces Fran\u00e7aises &hellip; <\/p>\n<p class=\"link-more\"><a href=\"https:\/\/www.assosdm.org\/en\/contact2\/\" class=\"more-link\">Continue reading<span class=\"screen-reader-text\"> \u00ab\u00a0Contact\u00a0\u00bb<\/span><\/a><\/p>","protected":false},"author":1,"featured_media":0,"parent":0,"menu_order":0,"comment_status":"closed","ping_status":"closed","template":"","meta":{"ngg_post_thumbnail":0,"footnotes":""},"_links":{"self":[{"href":"https:\/\/www.assosdm.org\/en\/wp-json\/wp\/v2\/pages\/80"}],"collection":[{"href":"https:\/\/www.assosdm.org\/en\/wp-json\/wp\/v2\/pages"}],"about":[{"href":"https:\/\/www.assosdm.org\/en\/wp-json\/wp\/v2\/types\/page"}],"author":[{"embeddable":true,"href":"https:\/\/www.assosdm.org\/en\/wp-json\/wp\/v2\/users\/1"}],"replies":[{"embeddable":true,"href":"https:\/\/www.assosdm.org\/en\/wp-json\/wp\/v2\/comments?post=80"}],"version-history":[{"count":12,"href":"https:\/\/www.assosdm.org\/en\/wp-json\/wp\/v2\/pages\/80\/revisions"}],"predecessor-version":[{"id":675,"href":"https:\/\/www.assosdm.org\/en\/wp-json\/wp\/v2\/pages\/80\/revisions\/675"}],"wp:attachment":[{"href":"https:\/\/www.assosdm.org\/en\/wp-json\/wp\/v2\/media?parent=80"}],"curies":[{"name":"wp","href":"https:\/\/api.w.org\/{rel}","templated":true}]}}