{"id":651,"date":"2019-12-30T19:25:50","date_gmt":"2019-12-30T18:25:50","guid":{"rendered":"http:\/\/www.assosdm.org\/?page_id=651"},"modified":"2024-04-29T05:57:38","modified_gmt":"2024-04-29T03:57:38","slug":"news","status":"publish","type":"page","link":"https:\/\/www.assosdm.org\/en\/news\/","title":{"rendered":"News"},"content":{"rendered":"<p>L&rsquo;Association se rend chaque ann\u00e9e plusieurs fois au Cambodge et en Inde et au moins une fois en Roumanie. <strong>Nous sommes tr\u00e8s actifs \u00e0 Siem Reap au Cambodge depuis six ans maintenant (2017-2024),<\/strong> nos b\u00e9n\u00e9voles ayant pass\u00e9 plusieurs mois d&rsquo;affil\u00e9e encore cette ann\u00e9e pour soutenir nos partenaires locaux dans leurs actions et r\u00e9f\u00e9rencer des familles \u00e0 soutenir de notre c\u00f4t\u00e9. <\/p>\n\n\n\n<p><strong>De belles actions ont \u00e9t\u00e9 r\u00e9alis\u00e9es dans l&rsquo;ouest de l&rsquo;Inde \u00e9galement dans l&rsquo;\u00e9tat du Gujarat <\/strong>en Inde. Plusieurs terrains ont \u00e9t\u00e9 visit\u00e9s pourront accueillir des structures pour les enfants. Des nouveaux professeurs ont \u00e9t\u00e9 form\u00e9s et les connaissances des professeurs actuels ont \u00e9t\u00e9 rafra\u00eechies. <\/p>\n\n\n\n<p>Nos b\u00e9n\u00e9voles sont intervenus dans des \u00e9tablissements locaux pour des activit\u00e9s d&rsquo;\u00e9ducation : enseignement de la m\u00e9ditation au Cambodge (250 enfants), activit\u00e9s de chant, danse, ouverture culturelle en Inde (villages de Dolatpura et Khari), go\u00fbters \u00e9quilibr\u00e9s pour les enfants (classe de 30 enfants) \u00e0 Dolatpura, pr\u00e8s de la ville de Junagadh en Inde. <\/p>\n\n\n\n<p><strong>D\u00e9cembre 2019 \u00e0 avril 2024 avec une visite de minimum une fois par an<\/strong> : <\/p>\n\n\n\n<ul>\n<li>Actions \u00e9ducatives en <strong>India<\/strong> avec des enfants et des familles au Gujarat (Panjroli, Dolatpura,Kari) &#8211; visite individuelles, contact avec enfants et nouveaux contacts <\/li>\n\n\n\n<li>Projet d&rsquo;une maison solaire en <strong>Romania<\/strong> avec une formation pour les jeunes <\/li>\n\n\n\n<li>Maroc : coop\u00e9ration avec une association dan la vall\u00e9e du Draa, projets femmes &amp;enfants<\/li>\n<\/ul>\n\n\n\n<p><strong>D\u00e9cembre 2019 &#8211; Togo (Afrique) &#8211; mission ponctuelle accomplie <\/strong><\/p>\n\n\n\n<ul>\n<li>Soutien pour la pr\u00e9paration d&rsquo;une mission m\u00e9dicale au<strong> Togo<\/strong>: notre b\u00e9n\u00e9vole Anne de Belgique s&rsquo;appr\u00eate \u00e0 acheminer un container de mat\u00e9riel m\u00e9dical de neuro-kin\u00e9sith\u00e9rapie. Le Burkina Faso \u00e9tant en guerre, elle va plut\u00f4t au Togo. Nous la mettons en relation avec nos contacts du Togo.<\/li>\n\n\n\n<li>A family in Fresnes (France) called on the association for help with their disabled little girl. A donation of an electric wheelchair will take place during the next few days.<\/li>\n<\/ul>\n\n\n\n<p><\/p>","protected":false},"excerpt":{"rendered":"<p>L&rsquo;Association se rend chaque ann\u00e9e plusieurs fois au Cambodge et en Inde et au moins une fois en Roumanie. Nous sommes tr\u00e8s actifs \u00e0 Siem Reap au Cambodge depuis six ans maintenant (2017-2024), nos b\u00e9n\u00e9voles ayant pass\u00e9 plusieurs mois d&rsquo;affil\u00e9e encore cette ann\u00e9e pour soutenir nos partenaires locaux dans leurs actions et r\u00e9f\u00e9rencer des familles &hellip; <\/p>\n<p class=\"link-more\"><a href=\"https:\/\/www.assosdm.org\/en\/news\/\" class=\"more-link\">Continue reading<span class=\"screen-reader-text\"> \u00ab\u00a0News\u00a0\u00bb<\/span><\/a><\/p>","protected":false},"author":1,"featured_media":0,"parent":0,"menu_order":0,"comment_status":"closed","ping_status":"closed","template":"","meta":{"ngg_post_thumbnail":0,"footnotes":""},"_links":{"self":[{"href":"https:\/\/www.assosdm.org\/en\/wp-json\/wp\/v2\/pages\/651"}],"collection":[{"href":"https:\/\/www.assosdm.org\/en\/wp-json\/wp\/v2\/pages"}],"about":[{"href":"https:\/\/www.assosdm.org\/en\/wp-json\/wp\/v2\/types\/page"}],"author":[{"embeddable":true,"href":"https:\/\/www.assosdm.org\/en\/wp-json\/wp\/v2\/users\/1"}],"replies":[{"embeddable":true,"href":"https:\/\/www.assosdm.org\/en\/wp-json\/wp\/v2\/comments?post=651"}],"version-history":[{"count":6,"href":"https:\/\/www.assosdm.org\/en\/wp-json\/wp\/v2\/pages\/651\/revisions"}],"predecessor-version":[{"id":683,"href":"https:\/\/www.assosdm.org\/en\/wp-json\/wp\/v2\/pages\/651\/revisions\/683"}],"wp:attachment":[{"href":"https:\/\/www.assosdm.org\/en\/wp-json\/wp\/v2\/media?parent=651"}],"curies":[{"name":"wp","href":"https:\/\/api.w.org\/{rel}","templated":true}]}}