{"id":527,"date":"2018-08-03T21:16:25","date_gmt":"2018-08-03T19:16:25","guid":{"rendered":"http:\/\/www.artisfacta.org\/sdm\/?page_id=527"},"modified":"2023-02-06T09:03:10","modified_gmt":"2023-02-06T08:03:10","slug":"don","status":"publish","type":"page","link":"https:\/\/www.assosdm.org\/en\/don\/","title":{"rendered":"Donation"},"content":{"rendered":"<p>Your donation entitles you to a tax receipt, the amount of which is tax deductible in France. For example, if you make a monthly donation of 22 euros, this contribution is 7.50 euros per month after tax.<\/p>\n<table style=\"border-style: hidden;\">\n<tbody>\n<tr style=\"height: 25px; border-style: hidden;\">\n<td style=\"height: 25px;\"><strong><input name=\"cmd\" type=\"hidden\" value=\"_s-xclick\">Make a donation of the amount of your choice<\/strong><\/td>\n<\/tr>\n<tr style=\"height: 106px; border-style: hidden;\">\n<td style=\"height: 106px;\"><input name=\"hosted_button_id\" type=\"hidden\" value=\"36CVRPGPQ4KSY\"><br \/>\n<input alt=\"PayPal, le r\u00e9flexe s\u00e9curit\u00e9 pour payer en ligne\" name=\"submit\" src=\"https:\/\/www.paypalobjects.com\/fr_FR\/FR\/i\/btn\/btn_donateCC_LG.gif\" type=\"image\"><br \/>\n<img loading=\"lazy\" decoding=\"async\" style=\"display: none !important;\" hidden=\"\" src=\"https:\/\/www.paypalobjects.com\/fr_FR\/i\/scr\/pixel.gif\" alt=\"\" width=\"1\" height=\"1\" border=\"0\"><\/td>\n<\/tr>\n<tr style=\"height: 51px; border-style: hidden;\">\n<td style=\"height: 51px;\"><strong><br \/>\nBecome a monthly donor<\/strong><input name=\"cmd\" type=\"hidden\" value=\"_s-xclick\"><input name=\"hosted_button_id\" type=\"hidden\" value=\"26F5SCPV5PGHQ\"><br \/>\n<input name=\"on0\" type=\"hidden\" value=\"Souscription mensuelle\"><\/td>\n<\/tr>\n<tr style=\"height: 25px; border-style: hidden;\">\n<td style=\"height: 25px;\"><select name=\"os0\"><option value=\"Parrainage enfant\/famille\/projet\">Parrainage enfant\/famille\/projet : \u20ac25,00 EUR &#8211; mensuel<\/option><option value=\"Parrainage soutien association\">Parrainage soutien association : \u20ac17,00 EUR &#8211; mensuel<\/option><\/select><\/td>\n<\/tr>\n<tr style=\"height: 80px; border-style: hidden;\">\n<td style=\"height: 80px;\"><input name=\"currency_code\" type=\"hidden\" value=\"EUR\"><input alt=\"PayPal, le r\u00e9flexe s\u00e9curit\u00e9 pour payer en ligne\" name=\"submit\" src=\"https:\/\/www.paypalobjects.com\/fr_FR\/FR\/i\/btn\/btn_subscribeCC_LG.gif\" type=\"image\"><br \/>\n<img loading=\"lazy\" decoding=\"async\" style=\"display: none !important;\" hidden=\"\" src=\"https:\/\/www.paypalobjects.com\/fr_FR\/i\/scr\/pixel.gif\" alt=\"\" width=\"1\" height=\"1\" border=\"0\"><\/td>\n<\/tr>\n<tr style=\"height: 26px;\">\n<td style=\"height: 26px;\">&nbsp;<\/td>\n<\/tr>\n<\/tbody>\n<\/table>\n<p>&nbsp;<\/p>","protected":false},"excerpt":{"rendered":"<p>Votre donation vous donne droit \u00e0 un re\u00e7u fiscal dont le montant est d\u00e9ductible des imp\u00f4ts en France. Par exemple, si vous faites un don de 22 euros mensuel, cette contribution revient \u00e0 7.50 euros par mois apr\u00e8s d\u00e9duction des imp\u00f4ts. Faire un don du montant de votre choix Devenir donateur mensuel Parrainage enfant\/famille\/projet : &hellip; <\/p>\n<p class=\"link-more\"><a href=\"https:\/\/www.assosdm.org\/en\/don\/\" class=\"more-link\">Continue reading<span class=\"screen-reader-text\"> \u00ab\u00a0Don\u00a0\u00bb<\/span><\/a><\/p>","protected":false},"author":1,"featured_media":0,"parent":0,"menu_order":0,"comment_status":"closed","ping_status":"closed","template":"","meta":{"ngg_post_thumbnail":0,"footnotes":""},"_links":{"self":[{"href":"https:\/\/www.assosdm.org\/en\/wp-json\/wp\/v2\/pages\/527"}],"collection":[{"href":"https:\/\/www.assosdm.org\/en\/wp-json\/wp\/v2\/pages"}],"about":[{"href":"https:\/\/www.assosdm.org\/en\/wp-json\/wp\/v2\/types\/page"}],"author":[{"embeddable":true,"href":"https:\/\/www.assosdm.org\/en\/wp-json\/wp\/v2\/users\/1"}],"replies":[{"embeddable":true,"href":"https:\/\/www.assosdm.org\/en\/wp-json\/wp\/v2\/comments?post=527"}],"version-history":[{"count":61,"href":"https:\/\/www.assosdm.org\/en\/wp-json\/wp\/v2\/pages\/527\/revisions"}],"predecessor-version":[{"id":678,"href":"https:\/\/www.assosdm.org\/en\/wp-json\/wp\/v2\/pages\/527\/revisions\/678"}],"wp:attachment":[{"href":"https:\/\/www.assosdm.org\/en\/wp-json\/wp\/v2\/media?parent=527"}],"curies":[{"name":"wp","href":"https:\/\/api.w.org\/{rel}","templated":true}]}}