{"id":515,"date":"2018-07-19T13:30:18","date_gmt":"2018-07-19T11:30:18","guid":{"rendered":"http:\/\/www.artisfacta.org\/sdm\/?page_id=515"},"modified":"2018-07-19T13:30:18","modified_gmt":"2018-07-19T11:30:18","slug":"les-maisons-pour-tous","status":"publish","type":"page","link":"https:\/\/www.assosdm.org\/en\/les-maisons-pour-tous\/","title":{"rendered":"Homes for all"},"content":{"rendered":"<p>In order to give more scope to our actions, to be able to help more, to reunite families and children around educational activities (tutoring, reading, computer workshops, hygiene awareness workshops), parents around micro-credit projects, literacy, training in different trades... we will gradually set up local structures (depending on the nature of the needs) in our countries of intervention.<\/p>\n<p>A small Indo-French centre was recently set up in Bombay in collaboration with a local organisation on site to welcome children from the slums to learn Indian music and other artistic activities.<\/p>\n<p>Projects are underway in Romania and Morocco on this theme of a common place where different local populations can meet and enrich themselves with their differences while being supervised by professionals.<\/p>","protected":false},"excerpt":{"rendered":"<p>Afin de donner plus d\u2019ampleur \u00e0 nos actions, pouvoir aider plus, r\u00e9unir les familles et les enfants autour d&rsquo;activit\u00e9s \u00e9ducatives (soutien scolaire, lecture, ateliers informatiques, ateliers sensibilisation \u00e0 l\u2019hygi\u00e8ne), les parents autour de projets de micro-cr\u00e9dit, alphab\u00e9tisation, formation \u00e0 diff\u00e9rents m\u00e9tiers&#8230; nous mettrons progressivement en place des structures locales (selon la nature des besoins) dans &hellip; <\/p>\n<p class=\"link-more\"><a href=\"https:\/\/www.assosdm.org\/en\/les-maisons-pour-tous\/\" class=\"more-link\">Continue reading<span class=\"screen-reader-text\"> \u00ab\u00a0Les maisons pour tous\u00a0\u00bb<\/span><\/a><\/p>","protected":false},"author":1,"featured_media":0,"parent":0,"menu_order":0,"comment_status":"closed","ping_status":"closed","template":"","meta":{"ngg_post_thumbnail":0,"footnotes":""},"_links":{"self":[{"href":"https:\/\/www.assosdm.org\/en\/wp-json\/wp\/v2\/pages\/515"}],"collection":[{"href":"https:\/\/www.assosdm.org\/en\/wp-json\/wp\/v2\/pages"}],"about":[{"href":"https:\/\/www.assosdm.org\/en\/wp-json\/wp\/v2\/types\/page"}],"author":[{"embeddable":true,"href":"https:\/\/www.assosdm.org\/en\/wp-json\/wp\/v2\/users\/1"}],"replies":[{"embeddable":true,"href":"https:\/\/www.assosdm.org\/en\/wp-json\/wp\/v2\/comments?post=515"}],"version-history":[{"count":1,"href":"https:\/\/www.assosdm.org\/en\/wp-json\/wp\/v2\/pages\/515\/revisions"}],"predecessor-version":[{"id":516,"href":"https:\/\/www.assosdm.org\/en\/wp-json\/wp\/v2\/pages\/515\/revisions\/516"}],"wp:attachment":[{"href":"https:\/\/www.assosdm.org\/en\/wp-json\/wp\/v2\/media?parent=515"}],"curies":[{"name":"wp","href":"https:\/\/api.w.org\/{rel}","templated":true}]}}