{"id":506,"date":"2018-07-19T13:23:46","date_gmt":"2018-07-19T11:23:46","guid":{"rendered":"http:\/\/www.artisfacta.org\/sdm\/?page_id=506"},"modified":"2018-07-19T13:23:46","modified_gmt":"2018-07-19T11:23:46","slug":"eduquer-aux-valeurs-humaines-ecologie-respect-de-lenvironnement","status":"publish","type":"page","link":"https:\/\/www.assosdm.org\/en\/eduquer-aux-valeurs-humaines-ecologie-respect-de-lenvironnement\/","title":{"rendered":"EDUCATE IN HUMAN VALUES - ECOLOGY - RESPECT FOR THE ENVIRONMENT"},"content":{"rendered":"<p>These areas of action are part of our dialogues with the population and local structures. So that our planet and the well-being of all may be preserved.<\/p>\n<p>The association makes progress with the contribution of each one, step by step... in order to bring our \"drop\" of help in the ocean of the planet's needs.<\/p>\n<p>Being poor is not inevitable and we encourage people to \"learn to fish with us\" while starting from an understanding of their current situation.<\/p>","protected":false},"excerpt":{"rendered":"<p>Ces domaines d&rsquo;action s&rsquo;inscrivent dans nos dialogues avec la population et les structures locales. Pour que notre plan\u00e8te et le bien-\u00eatre de tous soient pr\u00e9s\u00e9rv\u00e9s. L&rsquo;association avance avec la contribution de chacun, pas \u00e0 pas&#8230; afin d&rsquo;apporter notre \u00ab\u00a0goutte\u00a0\u00bb d&rsquo;aide dans l&rsquo;oc\u00e9an de besoins de la plan\u00e8te. Etre pauvre n&rsquo;est pas une fatalit\u00e9 et nous &hellip; <\/p>\n<p class=\"link-more\"><a href=\"https:\/\/www.assosdm.org\/en\/eduquer-aux-valeurs-humaines-ecologie-respect-de-lenvironnement\/\" class=\"more-link\">Continue reading<span class=\"screen-reader-text\"> \u00ab\u00a0Eduquer aux valeurs humaines &#8211; \u00e9cologie &#8211; respect de l&rsquo;environnement\u00a0\u00bb<\/span><\/a><\/p>","protected":false},"author":1,"featured_media":0,"parent":0,"menu_order":0,"comment_status":"closed","ping_status":"closed","template":"","meta":{"ngg_post_thumbnail":0,"footnotes":""},"_links":{"self":[{"href":"https:\/\/www.assosdm.org\/en\/wp-json\/wp\/v2\/pages\/506"}],"collection":[{"href":"https:\/\/www.assosdm.org\/en\/wp-json\/wp\/v2\/pages"}],"about":[{"href":"https:\/\/www.assosdm.org\/en\/wp-json\/wp\/v2\/types\/page"}],"author":[{"embeddable":true,"href":"https:\/\/www.assosdm.org\/en\/wp-json\/wp\/v2\/users\/1"}],"replies":[{"embeddable":true,"href":"https:\/\/www.assosdm.org\/en\/wp-json\/wp\/v2\/comments?post=506"}],"version-history":[{"count":1,"href":"https:\/\/www.assosdm.org\/en\/wp-json\/wp\/v2\/pages\/506\/revisions"}],"predecessor-version":[{"id":507,"href":"https:\/\/www.assosdm.org\/en\/wp-json\/wp\/v2\/pages\/506\/revisions\/507"}],"wp:attachment":[{"href":"https:\/\/www.assosdm.org\/en\/wp-json\/wp\/v2\/media?parent=506"}],"curies":[{"name":"wp","href":"https:\/\/api.w.org\/{rel}","templated":true}]}}