{"id":503,"date":"2018-07-19T13:20:32","date_gmt":"2018-07-19T11:20:32","guid":{"rendered":"http:\/\/www.artisfacta.org\/sdm\/?page_id=503"},"modified":"2018-07-19T13:22:03","modified_gmt":"2018-07-19T11:22:03","slug":"sante","status":"publish","type":"page","link":"https:\/\/www.assosdm.org\/en\/sante\/","title":{"rendered":"HEALTH, MEDICAL EQUIPMENT AND CARE NEEDS"},"content":{"rendered":"<p>Health plays an important role in the association. We want all families to be healthy and villages to be helped in terms of health. Free medical camps for the population can be set up, nutrition assistance campaigns and meal distribution or awareness raising on disease prevention, contraception and hygiene. Projects to open medical or dental practices or health buses in villages. We have had enriching experiences in this field with medical students or volunteer doctors. Your experience and support are welcome.<\/p>","protected":false},"excerpt":{"rendered":"<p>La sant\u00e9 tient un r\u00f4le important dans l&rsquo;association. Nous souhaitons que toutes les familles soient en bonne sant\u00e9 et que des villages soient aid\u00e9s en mati\u00e8re de sant\u00e9. Des camps m\u00e9dicaux gratuits pour la population peuvent \u00eatre mis en place, des campagnes d&rsquo;aide \u00e0 la nutrition et distribution de repas ou sensibilisation en mati\u00e8re de &hellip; <\/p>\n<p class=\"link-more\"><a href=\"https:\/\/www.assosdm.org\/en\/sante\/\" class=\"more-link\">Continue reading<span class=\"screen-reader-text\"> \u00ab\u00a0Sant\u00e9, besoins en termes de mat\u00e9riel m\u00e9dical et soins\u00a0\u00bb<\/span><\/a><\/p>","protected":false},"author":1,"featured_media":0,"parent":0,"menu_order":0,"comment_status":"closed","ping_status":"closed","template":"","meta":{"ngg_post_thumbnail":0,"footnotes":""},"_links":{"self":[{"href":"https:\/\/www.assosdm.org\/en\/wp-json\/wp\/v2\/pages\/503"}],"collection":[{"href":"https:\/\/www.assosdm.org\/en\/wp-json\/wp\/v2\/pages"}],"about":[{"href":"https:\/\/www.assosdm.org\/en\/wp-json\/wp\/v2\/types\/page"}],"author":[{"embeddable":true,"href":"https:\/\/www.assosdm.org\/en\/wp-json\/wp\/v2\/users\/1"}],"replies":[{"embeddable":true,"href":"https:\/\/www.assosdm.org\/en\/wp-json\/wp\/v2\/comments?post=503"}],"version-history":[{"count":2,"href":"https:\/\/www.assosdm.org\/en\/wp-json\/wp\/v2\/pages\/503\/revisions"}],"predecessor-version":[{"id":505,"href":"https:\/\/www.assosdm.org\/en\/wp-json\/wp\/v2\/pages\/503\/revisions\/505"}],"wp:attachment":[{"href":"https:\/\/www.assosdm.org\/en\/wp-json\/wp\/v2\/media?parent=503"}],"curies":[{"name":"wp","href":"https:\/\/api.w.org\/{rel}","templated":true}]}}