{"id":496,"date":"2018-07-19T13:13:38","date_gmt":"2018-07-19T11:13:38","guid":{"rendered":"http:\/\/www.artisfacta.org\/sdm\/?page_id=496"},"modified":"2018-08-03T20:44:35","modified_gmt":"2018-08-03T18:44:35","slug":"plan-daide","status":"publish","type":"page","link":"https:\/\/www.assosdm.org\/en\/plan-daide\/","title":{"rendered":"PLAN TO SUPPORT CHILDREN AND FAMILIES IN DEVELOPING COUNTRIES"},"content":{"rendered":"<p><img loading=\"lazy\" decoding=\"async\" class=\"aligncenter wp-image-523 size-large\" src=\"http:\/\/www.assosdm.org\/sdm\/wp-content\/uploads\/2019\/12\/aid-plan.jpg\" alt=\"\" width=\"525\" height=\"381\" srcset=\"https:\/\/www.assosdm.org\/sdm\/wp-content\/uploads\/2019\/12\/aid-plan.jpg 1758w, https:\/\/www.assosdm.org\/sdm\/wp-content\/uploads\/2019\/12\/aid-plan-300x219.jpg 300w, https:\/\/www.assosdm.org\/sdm\/wp-content\/uploads\/2019\/12\/aid-plan-768x562.jpg 768w, https:\/\/www.assosdm.org\/sdm\/wp-content\/uploads\/2019\/12\/aid-plan-1024x749.jpg 1024w\" sizes=\"(max-width: 525px) 100vw, 525px\" \/><\/p>\n<p><strong>First interventions<\/strong> in families and support in the following areas:<br \/>\nfood, clothing, school furniture, school supplies, educational materials, hygiene products, medical check-ups<\/p>\n<p><strong>Access to education&nbsp;<\/strong>in the family, in schools and in our structures:<br \/>\nschooling and continuous monitoring of children, tutoring, medical monitoring, hygiene awareness campaigns, contraception and medical interventions (dental, operations), ecological education<\/p>\n<p><strong>Access to culture&nbsp;<\/strong>(cultural workshop)<br \/>\ncultural awareness through initiation to activities (foreign languages, reading\/writing, world songs, artistic activities,<br \/>\nmusical instruments, relaxation activities...)<\/p>\n<p><strong>Peace, Mutual Aid and Unity Program:<\/strong><br \/>\nwith the help of artists and other creators and people of good will, we work to encourage peaceful links between communities and raise public awareness of peace, mutual aid and unity<\/p>","protected":false},"excerpt":{"rendered":"<p>Premi\u00e8res interventions dans les familles et apport d&rsquo;aide dans les domaines suivants: alimentation, vestimentaire, mobilier scolaire, fournitures scolaires, supports \u00e9ducatifs, produits d&rsquo;hygi\u00e8ne, bilans m\u00e9dicaux Acc\u00e8s \u00e0 l&rsquo;\u00e9ducation&nbsp;suivi en famille, dans les \u00e9coles et dans nos structures: scolarisation des enfants et suivi continu, soutien scolaire, suivi m\u00e9dical, campagnes de sensibilisation \u00e0 l&rsquo;hygi\u00e8ne, contraception et interventions m\u00e9dicales &hellip; <\/p>\n<p class=\"link-more\"><a href=\"https:\/\/www.assosdm.org\/en\/plan-daide\/\" class=\"more-link\">Continue reading<span class=\"screen-reader-text\"> \u00ab\u00a0Plan d&rsquo;aide aux enfants et aux familles dans les pays en d\u00e9veloppement\u00a0\u00bb<\/span><\/a><\/p>","protected":false},"author":1,"featured_media":0,"parent":0,"menu_order":0,"comment_status":"closed","ping_status":"closed","template":"","meta":{"ngg_post_thumbnail":0,"footnotes":""},"_links":{"self":[{"href":"https:\/\/www.assosdm.org\/en\/wp-json\/wp\/v2\/pages\/496"}],"collection":[{"href":"https:\/\/www.assosdm.org\/en\/wp-json\/wp\/v2\/pages"}],"about":[{"href":"https:\/\/www.assosdm.org\/en\/wp-json\/wp\/v2\/types\/page"}],"author":[{"embeddable":true,"href":"https:\/\/www.assosdm.org\/en\/wp-json\/wp\/v2\/users\/1"}],"replies":[{"embeddable":true,"href":"https:\/\/www.assosdm.org\/en\/wp-json\/wp\/v2\/comments?post=496"}],"version-history":[{"count":6,"href":"https:\/\/www.assosdm.org\/en\/wp-json\/wp\/v2\/pages\/496\/revisions"}],"predecessor-version":[{"id":524,"href":"https:\/\/www.assosdm.org\/en\/wp-json\/wp\/v2\/pages\/496\/revisions\/524"}],"wp:attachment":[{"href":"https:\/\/www.assosdm.org\/en\/wp-json\/wp\/v2\/media?parent=496"}],"curies":[{"name":"wp","href":"https:\/\/api.w.org\/{rel}","templated":true}]}}