{"id":47,"date":"2017-05-14T11:14:33","date_gmt":"2017-05-14T09:14:33","guid":{"rendered":"http:\/\/www.artisfacta.org\/sdm\/?page_id=47"},"modified":"2019-02-10T19:36:09","modified_gmt":"2019-02-10T18:36:09","slug":"parrain-marraine","status":"publish","type":"page","link":"https:\/\/www.assosdm.org\/en\/participation\/parrain-marraine\/","title":{"rendered":"Sponsor"},"content":{"rendered":"<p>The sponsor is a physical person who follows a child, a family or a project very closely.<\/p>\n<p>In the absence of their active participation (children's visits to their country and family), sponsors receive news from their godchild on average 3-4 times a year.<\/p>\n<p>We want to have active sponsors who participate in the life of the association and its development.<\/p>\n<p>If your contribution is a one-time contribution or if you do not have the opportunity to follow a child or family over time, we advise you to opt for one-time donations.<\/p>\n<ul>\n<li>Sponsor a child<\/li>\n<li>Sponsor a project <a href=\"https:\/\/www.assosdm.org\/en\/projet\/\">Discover the projects to help<\/a><\/li>\n<li>Sponsor a family - See gallery families to sponsor<\/li>\n<li>Child sponsorship form - project - donation<\/li>\n<\/ul>\n<p><a href=\"https:\/\/www.assosdm.org\/en\/don\/\">Register as a sponsor<\/a><\/p>\n<p>*Your sponsorship amount entitles you to a tax receipt for which the amount is tax deductible.<\/p>","protected":false},"excerpt":{"rendered":"<p>Le parrain ou la marraine est une personne physique qui suit un enfant, une famille, un projet de tr\u00e8s pr\u00e8s. En absence de leur participation active (visite des enfants dans leur pays et famille), les parrains re\u00e7oivent des nouvelles de leur filleul(le) en moyenne 3-4 fois par an. Nous souhaitons avoir des parrains et marraines &hellip; <\/p>\n<p class=\"link-more\"><a href=\"https:\/\/www.assosdm.org\/en\/participation\/parrain-marraine\/\" class=\"more-link\">Continue reading<span class=\"screen-reader-text\"> \u00ab\u00a0Parrain \/ Marraine\u00a0\u00bb<\/span><\/a><\/p>","protected":false},"author":1,"featured_media":0,"parent":32,"menu_order":0,"comment_status":"closed","ping_status":"closed","template":"","meta":{"ngg_post_thumbnail":0,"footnotes":""},"_links":{"self":[{"href":"https:\/\/www.assosdm.org\/en\/wp-json\/wp\/v2\/pages\/47"}],"collection":[{"href":"https:\/\/www.assosdm.org\/en\/wp-json\/wp\/v2\/pages"}],"about":[{"href":"https:\/\/www.assosdm.org\/en\/wp-json\/wp\/v2\/types\/page"}],"author":[{"embeddable":true,"href":"https:\/\/www.assosdm.org\/en\/wp-json\/wp\/v2\/users\/1"}],"replies":[{"embeddable":true,"href":"https:\/\/www.assosdm.org\/en\/wp-json\/wp\/v2\/comments?post=47"}],"version-history":[{"count":7,"href":"https:\/\/www.assosdm.org\/en\/wp-json\/wp\/v2\/pages\/47\/revisions"}],"predecessor-version":[{"id":606,"href":"https:\/\/www.assosdm.org\/en\/wp-json\/wp\/v2\/pages\/47\/revisions\/606"}],"up":[{"embeddable":true,"href":"https:\/\/www.assosdm.org\/en\/wp-json\/wp\/v2\/pages\/32"}],"wp:attachment":[{"href":"https:\/\/www.assosdm.org\/en\/wp-json\/wp\/v2\/media?parent=47"}],"curies":[{"name":"wp","href":"https:\/\/api.w.org\/{rel}","templated":true}]}}