{"id":42,"date":"2017-05-14T11:10:32","date_gmt":"2017-05-14T09:10:32","guid":{"rendered":"http:\/\/www.artisfacta.org\/sdm\/?page_id=42"},"modified":"2019-02-10T19:32:44","modified_gmt":"2019-02-10T18:32:44","slug":"donateur","status":"publish","type":"page","link":"https:\/\/www.assosdm.org\/en\/participation\/donateur\/","title":{"rendered":"Donor"},"content":{"rendered":"<p>The donor is a person who makes occasional or regular donations to the association and encourages its development. Your donation entitles you to a tax receipt for which the amount is tax deductible.<\/p>\n<p><a href=\"https:\/\/www.assosdm.org\/en\/don\/\">Register as a donor<\/a><\/p>","protected":false},"excerpt":{"rendered":"<p>Le donateur est une personne qui fait des dons ponctuels ou r\u00e9guliers \u00e0 l&rsquo;association et encourage son d\u00e9veloppement.&nbsp;Votre donation vous donne droit \u00e0 un re\u00e7u fiscal dont le montant est d\u00e9ductible des imp\u00f4ts. S&rsquo;inscrire comme donateur<\/p>","protected":false},"author":1,"featured_media":0,"parent":32,"menu_order":0,"comment_status":"closed","ping_status":"closed","template":"","meta":{"ngg_post_thumbnail":0,"footnotes":""},"_links":{"self":[{"href":"https:\/\/www.assosdm.org\/en\/wp-json\/wp\/v2\/pages\/42"}],"collection":[{"href":"https:\/\/www.assosdm.org\/en\/wp-json\/wp\/v2\/pages"}],"about":[{"href":"https:\/\/www.assosdm.org\/en\/wp-json\/wp\/v2\/types\/page"}],"author":[{"embeddable":true,"href":"https:\/\/www.assosdm.org\/en\/wp-json\/wp\/v2\/users\/1"}],"replies":[{"embeddable":true,"href":"https:\/\/www.assosdm.org\/en\/wp-json\/wp\/v2\/comments?post=42"}],"version-history":[{"count":10,"href":"https:\/\/www.assosdm.org\/en\/wp-json\/wp\/v2\/pages\/42\/revisions"}],"predecessor-version":[{"id":603,"href":"https:\/\/www.assosdm.org\/en\/wp-json\/wp\/v2\/pages\/42\/revisions\/603"}],"up":[{"embeddable":true,"href":"https:\/\/www.assosdm.org\/en\/wp-json\/wp\/v2\/pages\/32"}],"wp:attachment":[{"href":"https:\/\/www.assosdm.org\/en\/wp-json\/wp\/v2\/media?parent=42"}],"curies":[{"name":"wp","href":"https:\/\/api.w.org\/{rel}","templated":true}]}}