{"id":284,"date":"2018-03-04T16:12:20","date_gmt":"2018-03-04T15:12:20","guid":{"rendered":"http:\/\/www.artisfacta.org\/sdm\/?page_id=284"},"modified":"2018-03-04T16:16:50","modified_gmt":"2018-03-04T15:16:50","slug":"roumanie","status":"publish","type":"page","link":"https:\/\/www.assosdm.org\/en\/projet\/roumanie\/","title":{"rendered":"Romania"},"content":{"rendered":"<ul>\n<li>Sponsorship of children and families (Bistrita and surroundings)<\/li>\n<li>Opening of a House for All (Bistrita or surroundings)<\/li>\n<li>Creation of a library & media library (Bistrita)<\/li>\n<li>Creation of a multicultural and interfaith centre (Bistrita)\nSupport for local initiatives in Romania<\/li>\n<\/ul>\n<p><strong>Support for local initiatives in Romania<\/strong><\/p>\n<ul>\n<li>Archaeology project in the city of Bistrita around an old church and oven in a medieval district (city of Bistrita)<\/li>\n<li>Reopening, creation or restoration of \"popular baths\" for the hygiene of disadvantaged populations<\/li>\n<li>Centre(s) for women victims of domestic violence<\/li>\n<li>Leisure and support centre(s) for the children of parents working abroad. Project in several parts, several centres - a total of 500 children need support<\/li>\n<li>Actions to assist the Roma population in different neighbourhoods<\/li>\n<\/ul>","protected":false},"excerpt":{"rendered":"<p>Parrainage d&rsquo;enfants et familles (Bistrita et environs) Ouverture d&rsquo;une Maison pour Tous (Bistrita ou environs) Cr\u00e9ation d&rsquo;une biblioth\u00e8que &amp; m\u00e9diath\u00e8que (Bistrita) Cr\u00e9ation d&rsquo;un centre multiculturel et interreligieux (Bistrita) Soutien d&rsquo;initiatives locales en Roumanie Projet arch\u00e9ologie dans la ville de Bistrita autour d&rsquo;une ancienne \u00e9glise et four en quartier m\u00e9di\u00e9val (ville de Bistrita) R\u00e9ouverture, cr\u00e9ation ou &hellip; <\/p>\n<p class=\"link-more\"><a href=\"https:\/\/www.assosdm.org\/en\/projet\/roumanie\/\" class=\"more-link\">Continue reading<span class=\"screen-reader-text\"> \u00ab\u00a0Roumanie\u00a0\u00bb<\/span><\/a><\/p>","protected":false},"author":1,"featured_media":0,"parent":6,"menu_order":0,"comment_status":"closed","ping_status":"closed","template":"","meta":{"ngg_post_thumbnail":0,"footnotes":""},"_links":{"self":[{"href":"https:\/\/www.assosdm.org\/en\/wp-json\/wp\/v2\/pages\/284"}],"collection":[{"href":"https:\/\/www.assosdm.org\/en\/wp-json\/wp\/v2\/pages"}],"about":[{"href":"https:\/\/www.assosdm.org\/en\/wp-json\/wp\/v2\/types\/page"}],"author":[{"embeddable":true,"href":"https:\/\/www.assosdm.org\/en\/wp-json\/wp\/v2\/users\/1"}],"replies":[{"embeddable":true,"href":"https:\/\/www.assosdm.org\/en\/wp-json\/wp\/v2\/comments?post=284"}],"version-history":[{"count":2,"href":"https:\/\/www.assosdm.org\/en\/wp-json\/wp\/v2\/pages\/284\/revisions"}],"predecessor-version":[{"id":299,"href":"https:\/\/www.assosdm.org\/en\/wp-json\/wp\/v2\/pages\/284\/revisions\/299"}],"up":[{"embeddable":true,"href":"https:\/\/www.assosdm.org\/en\/wp-json\/wp\/v2\/pages\/6"}],"wp:attachment":[{"href":"https:\/\/www.assosdm.org\/en\/wp-json\/wp\/v2\/media?parent=284"}],"curies":[{"name":"wp","href":"https:\/\/api.w.org\/{rel}","templated":true}]}}