{"id":32,"date":"2017-05-14T11:01:08","date_gmt":"2017-05-14T09:01:08","guid":{"rendered":"http:\/\/www.artisfacta.org\/sdm\/?page_id=32"},"modified":"2019-02-10T19:30:44","modified_gmt":"2019-02-10T18:30:44","slug":"participation","status":"publish","type":"page","link":"http:\/\/www.assosdm.org\/en\/participation\/","title":{"rendered":"Participation"},"content":{"rendered":"<p>Individuals or companies, PARTICIPATE in the association by becoming:<\/p>\n<p><a href=\"http:\/\/www.assosdm.org\/en\/participation\/membre\/\">Member<\/a><\/p>\n<p><a href=\"http:\/\/www.assosdm.org\/en\/participation\/donateur\/\">Donor<\/a><\/p>\n<p><a href=\"http:\/\/www.assosdm.org\/en\/participation\/mecene\/\">Patron<\/a><\/p>\n<p><a href=\"http:\/\/www.assosdm.org\/en\/participation\/parrain-marraine\/\">Sponsor<\/a><\/p>\n<p>&nbsp;<\/p>","protected":false},"excerpt":{"rendered":"<p>Particuliers ou entreprises, PARTICIPEZ \u00e0 l&rsquo;association en devenant : Membre Donateur M\u00e9c\u00e8ne Parrain \/ Marraine &nbsp;<\/p>","protected":false},"author":1,"featured_media":0,"parent":0,"menu_order":0,"comment_status":"closed","ping_status":"closed","template":"","meta":{"ngg_post_thumbnail":0,"footnotes":""},"_links":{"self":[{"href":"http:\/\/www.assosdm.org\/en\/wp-json\/wp\/v2\/pages\/32"}],"collection":[{"href":"http:\/\/www.assosdm.org\/en\/wp-json\/wp\/v2\/pages"}],"about":[{"href":"http:\/\/www.assosdm.org\/en\/wp-json\/wp\/v2\/types\/page"}],"author":[{"embeddable":true,"href":"http:\/\/www.assosdm.org\/en\/wp-json\/wp\/v2\/users\/1"}],"replies":[{"embeddable":true,"href":"http:\/\/www.assosdm.org\/en\/wp-json\/wp\/v2\/comments?post=32"}],"version-history":[{"count":4,"href":"http:\/\/www.assosdm.org\/en\/wp-json\/wp\/v2\/pages\/32\/revisions"}],"predecessor-version":[{"id":602,"href":"http:\/\/www.assosdm.org\/en\/wp-json\/wp\/v2\/pages\/32\/revisions\/602"}],"wp:attachment":[{"href":"http:\/\/www.assosdm.org\/en\/wp-json\/wp\/v2\/media?parent=32"}],"curies":[{"name":"wp","href":"https:\/\/api.w.org\/{rel}","templated":true}]}}