{"id":288,"date":"2018-03-04T16:13:34","date_gmt":"2018-03-04T15:13:34","guid":{"rendered":"http:\/\/www.artisfacta.org\/sdm\/?page_id=288"},"modified":"2018-03-04T16:13:34","modified_gmt":"2018-03-04T15:13:34","slug":"inde","status":"publish","type":"page","link":"http:\/\/www.assosdm.org\/en\/projet\/inde\/","title":{"rendered":"India"},"content":{"rendered":"<ul>\n<li>\u00a0Sponsorship of children and families (Bombay, Goa, Kanpur)<\/li>\n<li>Opening of a House for All (place to be defined)<\/li>\n<\/ul>\n<p>With our volunteers (under study):<\/p>\n<ul>\n<li>Opening of a school for illiterate mothers (Goa)<\/li>\n<li>Creation of a dispensary (Goa)<\/li>\n<li>Renovation of a school (Bombay)<\/li>\n<\/ul>","protected":false},"excerpt":{"rendered":"<p>\u00a0Parrainage d&rsquo;enfants et familles (Bombay, Goa, Kanpur) Ouverture d&rsquo;une Maison pour Tous (lieu \u00e0 d\u00e9finir) Avec nos b\u00e9n\u00e9voles (en cours d&rsquo;\u00e9tude): Ouverture d&rsquo;une \u00e9cole pour mamans ill\u00e9tr\u00e9es (Goa) Cr\u00e9ation d&rsquo;un dispensaire (Goa) R\u00e9novation d&rsquo;une \u00e9cole (Bombay)<\/p>","protected":false},"author":1,"featured_media":0,"parent":6,"menu_order":0,"comment_status":"closed","ping_status":"closed","template":"","meta":{"ngg_post_thumbnail":0,"footnotes":""},"_links":{"self":[{"href":"http:\/\/www.assosdm.org\/en\/wp-json\/wp\/v2\/pages\/288"}],"collection":[{"href":"http:\/\/www.assosdm.org\/en\/wp-json\/wp\/v2\/pages"}],"about":[{"href":"http:\/\/www.assosdm.org\/en\/wp-json\/wp\/v2\/types\/page"}],"author":[{"embeddable":true,"href":"http:\/\/www.assosdm.org\/en\/wp-json\/wp\/v2\/users\/1"}],"replies":[{"embeddable":true,"href":"http:\/\/www.assosdm.org\/en\/wp-json\/wp\/v2\/comments?post=288"}],"version-history":[{"count":1,"href":"http:\/\/www.assosdm.org\/en\/wp-json\/wp\/v2\/pages\/288\/revisions"}],"predecessor-version":[{"id":289,"href":"http:\/\/www.assosdm.org\/en\/wp-json\/wp\/v2\/pages\/288\/revisions\/289"}],"up":[{"embeddable":true,"href":"http:\/\/www.assosdm.org\/en\/wp-json\/wp\/v2\/pages\/6"}],"wp:attachment":[{"href":"http:\/\/www.assosdm.org\/en\/wp-json\/wp\/v2\/media?parent=288"}],"curies":[{"name":"wp","href":"https:\/\/api.w.org\/{rel}","templated":true}]}}