{"id":282,"date":"2018-03-04T16:11:47","date_gmt":"2018-03-04T15:11:47","guid":{"rendered":"http:\/\/www.artisfacta.org\/sdm\/?page_id=282"},"modified":"2018-03-04T16:16:22","modified_gmt":"2018-03-04T15:16:22","slug":"maroc","status":"publish","type":"page","link":"http:\/\/www.assosdm.org\/en\/projet\/maroc\/","title":{"rendered":"Morocco"},"content":{"rendered":"<ul>\n<li>Sponsorship of children and families (Zagora province)<\/li>\n<li>Creation of a toy library, library, media library (Zagora and Site)<\/li>\n<li>Creation of an international multicultural centre to open up to other countries and international dialogues<\/li>\n<li>Correspondence with primary and secondary schools in Morocco and France<\/li>\n<li>Aid to the berber populations (children's sponsorship, medical support, nutrition, village sponsorship, farmers' assistance, women's literacy, environmental conservation) - Zagora, Nkob, Site - palm grove, mountains and deserts<\/li>\n<li>Assistance to people with disabilities (action in collaboration with the France-Morocco association of Rueil Malmaison having carried out missions in Ouarzazate)<\/li>\n<li>Fair travel and humanitarian missions in Morocco (calendar and project sheets in progress)<\/li>\n<\/ul>","protected":false},"excerpt":{"rendered":"<p>Parrainage enfants et familles (province de Zagora) Cr\u00e9ation d&rsquo;une ludoth\u00e8que, biblioth\u00e8que, m\u00e9diath\u00e8que (Zagora et Site) Cr\u00e9ation d&rsquo;un centre multiculturel international pour une ouverture vers d&rsquo;autres pays et dialogues internationaux Correspondances avec des \u00e9coles primaires et lyc\u00e9e Maroc-France Aide aux populations b\u00e9rb\u00e8res (parrainage enfants, soutien m\u00e9dical, nutrition, parrainage de villages, aide aux paysans, alphab\u00e9tisation des femmes, &hellip; <\/p>\n<p class=\"link-more\"><a href=\"http:\/\/www.assosdm.org\/en\/projet\/maroc\/\" class=\"more-link\">Continue reading<span class=\"screen-reader-text\"> \u00ab\u00a0Maroc\u00a0\u00bb<\/span><\/a><\/p>","protected":false},"author":1,"featured_media":0,"parent":6,"menu_order":0,"comment_status":"closed","ping_status":"closed","template":"","meta":{"ngg_post_thumbnail":0,"footnotes":""},"_links":{"self":[{"href":"http:\/\/www.assosdm.org\/en\/wp-json\/wp\/v2\/pages\/282"}],"collection":[{"href":"http:\/\/www.assosdm.org\/en\/wp-json\/wp\/v2\/pages"}],"about":[{"href":"http:\/\/www.assosdm.org\/en\/wp-json\/wp\/v2\/types\/page"}],"author":[{"embeddable":true,"href":"http:\/\/www.assosdm.org\/en\/wp-json\/wp\/v2\/users\/1"}],"replies":[{"embeddable":true,"href":"http:\/\/www.assosdm.org\/en\/wp-json\/wp\/v2\/comments?post=282"}],"version-history":[{"count":2,"href":"http:\/\/www.assosdm.org\/en\/wp-json\/wp\/v2\/pages\/282\/revisions"}],"predecessor-version":[{"id":298,"href":"http:\/\/www.assosdm.org\/en\/wp-json\/wp\/v2\/pages\/282\/revisions\/298"}],"up":[{"embeddable":true,"href":"http:\/\/www.assosdm.org\/en\/wp-json\/wp\/v2\/pages\/6"}],"wp:attachment":[{"href":"http:\/\/www.assosdm.org\/en\/wp-json\/wp\/v2\/media?parent=282"}],"curies":[{"name":"wp","href":"https:\/\/api.w.org\/{rel}","templated":true}]}}