{"id":279,"date":"2018-03-04T16:09:40","date_gmt":"2018-03-04T15:09:40","guid":{"rendered":"http:\/\/www.artisfacta.org\/sdm\/?page_id=279"},"modified":"2018-04-16T21:05:24","modified_gmt":"2018-04-16T19:05:24","slug":"cambodge","status":"publish","type":"page","link":"http:\/\/www.assosdm.org\/en\/projet\/cambodge\/","title":{"rendered":"Cambodia"},"content":{"rendered":"<p><img loading=\"lazy\" decoding=\"async\" class=\"alignnone size-medium wp-image-337\" src=\"http:\/\/www.artisfacta.org\/sdm\/wp-content\/uploads\/2018\/04\/omc-Anjali-house-300x225.jpeg\" alt=\"\" width=\"300\" height=\"225\" srcset=\"http:\/\/www.assosdm.org\/sdm\/wp-content\/uploads\/2018\/04\/omc-Anjali-house-300x225.jpeg 300w, http:\/\/www.assosdm.org\/sdm\/wp-content\/uploads\/2018\/04\/omc-Anjali-house-768x576.jpeg 768w, http:\/\/www.assosdm.org\/sdm\/wp-content\/uploads\/2018\/04\/omc-Anjali-house-1024x768.jpeg 1024w, http:\/\/www.assosdm.org\/sdm\/wp-content\/uploads\/2018\/04\/omc-Anjali-house.jpeg 1600w\" sizes=\"(max-width: 300px) 100vw, 300px\" \/><\/p>\n<p><strong>Fighting child prostitution and sex tourism through education and training<\/strong><\/p>\n<ul>\n<li>Fight against malnutrition<\/li>\n<li>Sponsorship of Cambodian children and teachers<\/li>\n<li>Medical profession, clinic, alternative care based on alternative medicine<\/li>\n<li>Intervention in local NGO schools in Siem Reap to provide educational support and support for teachers who do excellent local work<\/li>\n<li>Distribution of parcels in deprived areas<\/li>\n<li>Supporting the work of local NGOs in child protection<\/li>\n<li>Activities with children: singing and other artistic activities<\/li>\n<li>Intervention in villages to start our own field work and refer families to help within the framework of Soleils du Monde, reflection on the creation of the House for All Cambodia<\/li>\n<\/ul>","protected":false},"excerpt":{"rendered":"<p>Lutte contre la prostitution enfantine et le tourisme sexuel, par le biais de l\u2019\u00e9ducation et de la formation Lutte contre la malnutrition Parrainage d&rsquo;enfants et de professeurs Cambodgiens Corps m\u00e9dical,\u00a0clinique, soins alternatifs bas\u00e9s sur la m\u00e9decine douce Intervention dans les \u00e9coles des ONG locales \u00e0 Siem Reap pour apporter un support \u00e9ducatif et soutenir les &hellip; <\/p>\n<p class=\"link-more\"><a href=\"http:\/\/www.assosdm.org\/en\/projet\/cambodge\/\" class=\"more-link\">Continue reading<span class=\"screen-reader-text\"> \u00ab\u00a0Cambodge\u00a0\u00bb<\/span><\/a><\/p>","protected":false},"author":1,"featured_media":0,"parent":6,"menu_order":0,"comment_status":"closed","ping_status":"closed","template":"","meta":{"ngg_post_thumbnail":0,"footnotes":""},"_links":{"self":[{"href":"http:\/\/www.assosdm.org\/en\/wp-json\/wp\/v2\/pages\/279"}],"collection":[{"href":"http:\/\/www.assosdm.org\/en\/wp-json\/wp\/v2\/pages"}],"about":[{"href":"http:\/\/www.assosdm.org\/en\/wp-json\/wp\/v2\/types\/page"}],"author":[{"embeddable":true,"href":"http:\/\/www.assosdm.org\/en\/wp-json\/wp\/v2\/users\/1"}],"replies":[{"embeddable":true,"href":"http:\/\/www.assosdm.org\/en\/wp-json\/wp\/v2\/comments?post=279"}],"version-history":[{"count":4,"href":"http:\/\/www.assosdm.org\/en\/wp-json\/wp\/v2\/pages\/279\/revisions"}],"predecessor-version":[{"id":339,"href":"http:\/\/www.assosdm.org\/en\/wp-json\/wp\/v2\/pages\/279\/revisions\/339"}],"up":[{"embeddable":true,"href":"http:\/\/www.assosdm.org\/en\/wp-json\/wp\/v2\/pages\/6"}],"wp:attachment":[{"href":"http:\/\/www.assosdm.org\/en\/wp-json\/wp\/v2\/media?parent=279"}],"curies":[{"name":"wp","href":"https:\/\/api.w.org\/{rel}","templated":true}]}}